{"id":642,"date":"2020-01-09T00:22:33","date_gmt":"2020-01-09T00:22:33","guid":{"rendered":"https:\/\/controlagro.com.ar\/catalogohexagon\/membership-join\/membership-registration\/"},"modified":"2020-04-21T16:23:02","modified_gmt":"2020-04-21T16:23:02","slug":"membership-registration","status":"publish","type":"page","link":"https:\/\/controlagro.com.ar\/catalogohexagon\/membership-registration\/","title":{"rendered":"Registro"},"content":{"rendered":"\n<h2>PASO 1 (OBLIGATORIO):<\/h2>\n\n\n\n<p>Escriba sus datos de contacto para ingresarlo en nuestra base de datos<\/p>\n\n\n<div class=\"wpforms-container wpforms-container-full wpforms-block\" id=\"wpforms-1602\"><form id=\"wpforms-form-1602\" class=\"wpforms-validate wpforms-form\" data-formid=\"1602\" method=\"post\" enctype=\"multipart\/form-data\" action=\"\/catalogohexagon\/wp-json\/wp\/v2\/pages\/642\" data-token=\"dad8cf42d1074e1335d0252d03ec2c06\" data-token-time=\"1777465082\"><noscript class=\"wpforms-error-noscript\">Por favor, activa JavaScript en tu navegador para completar este formulario.<\/noscript><div class=\"wpforms-field-container\"><div id=\"wpforms-1602-field_5-container\" class=\"wpforms-field wpforms-field-name\" data-field-id=\"5\"><label class=\"wpforms-field-label\" for=\"wpforms-1602-field_5\">Nombre <span class=\"wpforms-required-label\">*<\/span><\/label><div class=\"wpforms-field-row wpforms-field-medium\"><div class=\"wpforms-field-row-block wpforms-first wpforms-one-half\"><input type=\"text\" id=\"wpforms-1602-field_5\" class=\"wpforms-field-name-first wpforms-field-required\" name=\"wpforms[fields][5][first]\" required><label for=\"wpforms-1602-field_5\" class=\"wpforms-field-sublabel after \">Nombre<\/label><\/div><div class=\"wpforms-field-row-block wpforms-one-half\"><input type=\"text\" id=\"wpforms-1602-field_5-last\" class=\"wpforms-field-name-last wpforms-field-required\" name=\"wpforms[fields][5][last]\" required><label for=\"wpforms-1602-field_5-last\" class=\"wpforms-field-sublabel after \">Apellidos<\/label><\/div><\/div><\/div><div id=\"wpforms-1602-field_6-container\" class=\"wpforms-field wpforms-field-email\" data-field-id=\"6\"><label class=\"wpforms-field-label\" for=\"wpforms-1602-field_6\">Correo electr\u00f3nico de contacto: <span class=\"wpforms-required-label\">*<\/span><\/label><input type=\"email\" id=\"wpforms-1602-field_6\" class=\"wpforms-field-medium wpforms-field-required\" name=\"wpforms[fields][6]\" spellcheck=\"false\" required><\/div><div id=\"wpforms-1602-field_7-container\" class=\"wpforms-field wpforms-field-text\" data-field-id=\"7\"><label class=\"wpforms-field-label\" for=\"wpforms-1602-field_7\">Empresa \/ Agente <span class=\"wpforms-required-label\">*<\/span><\/label><input type=\"text\" id=\"wpforms-1602-field_7\" class=\"wpforms-field-medium wpforms-field-required\" name=\"wpforms[fields][7]\" required><\/div><div id=\"wpforms-1602-field_4-container\" class=\"wpforms-field wpforms-field-text\" data-field-id=\"4\"><label class=\"wpforms-field-label\" for=\"wpforms-1602-field_4\">Tel\u00e9fono celular de contacto <span class=\"wpforms-required-label\">*<\/span><\/label><input type=\"text\" id=\"wpforms-1602-field_4\" class=\"wpforms-field-medium wpforms-field-required\" name=\"wpforms[fields][4]\" required><\/div><\/div><!-- .wpforms-field-container --><div class=\"wpforms-field wpforms-field-hp\"><label for=\"wpforms-1602-field-hp\" class=\"wpforms-field-label\">Message<\/label><input type=\"text\" name=\"wpforms[hp]\" id=\"wpforms-1602-field-hp\" class=\"wpforms-field-medium\"><\/div><div class=\"wpforms-recaptcha-container wpforms-is-recaptcha wpforms-is-recaptcha-type-v2\" ><div class=\"g-recaptcha\" data-sitekey=\"6Le1DMwZAAAAALMm8Kspow4GyCAuYEBatYoDI8CL\"><\/div><input type=\"text\" name=\"g-recaptcha-hidden\" class=\"wpforms-recaptcha-hidden\" style=\"position:absolute!important;clip:rect(0,0,0,0)!important;height:1px!important;width:1px!important;border:0!important;overflow:hidden!important;padding:0!important;margin:0!important;\" data-rule-recaptcha=\"1\"><\/div><div class=\"wpforms-submit-container\" ><input type=\"hidden\" name=\"wpforms[id]\" value=\"1602\"><input type=\"hidden\" name=\"page_title\" value=\"\"><input type=\"hidden\" name=\"page_url\" value=\"https:\/\/controlagro.com.ar\/catalogohexagon\/wp-json\/wp\/v2\/pages\/642\"><button type=\"submit\" name=\"wpforms[submit]\" id=\"wpforms-submit-1602\" class=\"wpforms-submit\" data-alt-text=\"Enviando...\" data-submit-text=\"Enviar\" aria-live=\"assertive\" value=\"wpforms-submit\">Enviar<\/button><\/div><\/form><\/div>  <!-- .wpforms-container -->\n\n\n<h2>PASO 2 :<\/h2>\n\n\n\n<p>Complete el siguiente formulario con los datos del usuario que va a acceder al cat\u00e1logo:<\/p>\n\n\n<p>[swpm_registration_form]<\/p>\n\n\n<p> <strong>Nota: <\/strong> Es necesario <strong>que complete los datos del PASO 1 para que sea habilitado<\/strong> al acceso de nuestro cat\u00e1logo, caso contrario si existen dudas sobre la veracidad de sus datos no sera habilitado. Disculpe las molestias.  <\/p>\n\n\n\n<p><strong>Sugerencia:<\/strong> Si se registra en otra secci\u00f3n de nuestra p\u00e1gina le recomendamos <strong>usar el mismo nombre y contrase\u00f1a de usuario<\/strong>.<\/p>\n","protected":false},"excerpt":{"rendered":"<p>PASO 1 (OBLIGATORIO): Escriba sus datos de contacto para ingresarlo en nuestra base de datos PASO 2 : Complete el siguiente formulario con los datos&hellip;<\/p>\n","protected":false},"author":3,"featured_media":0,"parent":0,"menu_order":0,"comment_status":"closed","ping_status":"closed","template":"","meta":[],"_links":{"self":[{"href":"https:\/\/controlagro.com.ar\/catalogohexagon\/wp-json\/wp\/v2\/pages\/642"}],"collection":[{"href":"https:\/\/controlagro.com.ar\/catalogohexagon\/wp-json\/wp\/v2\/pages"}],"about":[{"href":"https:\/\/controlagro.com.ar\/catalogohexagon\/wp-json\/wp\/v2\/types\/page"}],"author":[{"embeddable":true,"href":"https:\/\/controlagro.com.ar\/catalogohexagon\/wp-json\/wp\/v2\/users\/3"}],"replies":[{"embeddable":true,"href":"https:\/\/controlagro.com.ar\/catalogohexagon\/wp-json\/wp\/v2\/comments?post=642"}],"version-history":[{"count":8,"href":"https:\/\/controlagro.com.ar\/catalogohexagon\/wp-json\/wp\/v2\/pages\/642\/revisions"}],"predecessor-version":[{"id":1610,"href":"https:\/\/controlagro.com.ar\/catalogohexagon\/wp-json\/wp\/v2\/pages\/642\/revisions\/1610"}],"wp:attachment":[{"href":"https:\/\/controlagro.com.ar\/catalogohexagon\/wp-json\/wp\/v2\/media?parent=642"}],"curies":[{"name":"wp","href":"https:\/\/api.w.org\/{rel}","templated":true}]}}